{"id":5058,"date":"2023-09-24T07:44:51","date_gmt":"2023-09-24T00:44:51","guid":{"rendered":"https:\/\/songngocpccc.com\/?post_type=product&#038;p=5058"},"modified":"2025-12-12T13:18:02","modified_gmt":"2025-12-12T06:18:02","slug":"bao-chay-hochiki","status":"publish","type":"product","link":"https:\/\/songngocpccc.com\/index.php\/product\/bao-chay-hochiki\/","title":{"rendered":"B\u00e1o ch\u00e1y Hochiki"},"content":{"rendered":"<p>B\u00e1o ch\u00e1y Hochiki<\/p>\n<p>&nbsp;<\/p>\n","protected":false},"excerpt":{"rendered":"<p>B\u00e1o ch\u00e1y Hochiki &nbsp;<\/p>\n","protected":false},"featured_media":5059,"comment_status":"open","ping_status":"closed","template":"","meta":[],"product_cat":[39],"product_tag":[],"_links":{"self":[{"href":"https:\/\/songngocpccc.com\/index.php\/wp-json\/wp\/v2\/product\/5058"}],"collection":[{"href":"https:\/\/songngocpccc.com\/index.php\/wp-json\/wp\/v2\/product"}],"about":[{"href":"https:\/\/songngocpccc.com\/index.php\/wp-json\/wp\/v2\/types\/product"}],"replies":[{"embeddable":true,"href":"https:\/\/songngocpccc.com\/index.php\/wp-json\/wp\/v2\/comments?post=5058"}],"wp:featuredmedia":[{"embeddable":true,"href":"https:\/\/songngocpccc.com\/index.php\/wp-json\/wp\/v2\/media\/5059"}],"wp:attachment":[{"href":"https:\/\/songngocpccc.com\/index.php\/wp-json\/wp\/v2\/media?parent=5058"}],"wp:term":[{"taxonomy":"product_cat","embeddable":true,"href":"https:\/\/songngocpccc.com\/index.php\/wp-json\/wp\/v2\/product_cat?post=5058"},{"taxonomy":"product_tag","embeddable":true,"href":"https:\/\/songngocpccc.com\/index.php\/wp-json\/wp\/v2\/product_tag?post=5058"}],"curies":[{"name":"wp","href":"https:\/\/api.w.org\/{rel}","templated":true}]}}