{"id":1496,"date":"2018-04-09T02:58:59","date_gmt":"2018-04-08T19:58:59","guid":{"rendered":"http:\/\/sw-themes.com\/porto_dummy\/product\/import-placeholder-for-842\/"},"modified":"2025-12-20T18:20:56","modified_gmt":"2025-12-20T11:20:56","slug":"bao-chay-yun-yang-2","status":"publish","type":"product","link":"https:\/\/songngocpccc.com\/index.php\/product\/bao-chay-yun-yang-2\/","title":{"rendered":"B\u00e1o ch\u00e1y Yun Yang 2"},"content":{"rendered":"<p>B\u00e1o ch\u00e1y Yun Yang 2<\/p>\n<p><img decoding=\"async\" loading=\"lazy\" class=\"alignnone size-medium wp-image-5063\" src=\"http:\/\/songngocpccc.com\/wp-content\/uploads\/2023\/09\/bao-chay-yun-yang-300x300.jpg\" alt=\"\" width=\"300\" height=\"300\" \/><\/p>\n","protected":false},"excerpt":{"rendered":"<p>B\u00e1o ch\u00e1y Yun Yang 2<\/p>\n","protected":false},"featured_media":5063,"comment_status":"open","ping_status":"closed","template":"","meta":[],"product_cat":[59],"product_tag":[],"_links":{"self":[{"href":"https:\/\/songngocpccc.com\/index.php\/wp-json\/wp\/v2\/product\/1496"}],"collection":[{"href":"https:\/\/songngocpccc.com\/index.php\/wp-json\/wp\/v2\/product"}],"about":[{"href":"https:\/\/songngocpccc.com\/index.php\/wp-json\/wp\/v2\/types\/product"}],"replies":[{"embeddable":true,"href":"https:\/\/songngocpccc.com\/index.php\/wp-json\/wp\/v2\/comments?post=1496"}],"wp:featuredmedia":[{"embeddable":true,"href":"https:\/\/songngocpccc.com\/index.php\/wp-json\/wp\/v2\/media\/5063"}],"wp:attachment":[{"href":"https:\/\/songngocpccc.com\/index.php\/wp-json\/wp\/v2\/media?parent=1496"}],"wp:term":[{"taxonomy":"product_cat","embeddable":true,"href":"https:\/\/songngocpccc.com\/index.php\/wp-json\/wp\/v2\/product_cat?post=1496"},{"taxonomy":"product_tag","embeddable":true,"href":"https:\/\/songngocpccc.com\/index.php\/wp-json\/wp\/v2\/product_tag?post=1496"}],"curies":[{"name":"wp","href":"https:\/\/api.w.org\/{rel}","templated":true}]}}