{"id":848,"date":"2018-02-28T07:46:00","date_gmt":"2018-02-28T00:46:00","guid":{"rendered":"http:\/\/sw-themes.com\/porto_dummy\/?page_id=848"},"modified":"2023-10-03T13:06:59","modified_gmt":"2023-10-03T06:06:59","slug":"gioi-thieu","status":"publish","type":"page","link":"https:\/\/songngocpccc.com\/index.php\/gioi-thieu\/","title":{"rendered":"Gi\u1edbi thi\u1ec7u"},"content":{"rendered":"<section class=\"wpb-content-wrapper\"><p>[vc_row wrap_container=&#8221;yes&#8221; css=&#8221;.vc_custom_1657324574017{padding-top: 30px !important;padding-bottom: 30px !important;}&#8221; conditional_render=&#8221;%5B%7B%22value_role%22%3A%22administrator%22%7D%5D&#8221;][vc_column]<div class=\"porto-u-heading  wpb_custom_785f1b59862835eed400b91fbcfd8561 porto-u-2601\"><div class=\"porto-u-main-heading\"><h2   style=\"color:#ff0000;margin-bottom: 10px;\">GI\u1edaI THI\u1ec6U V\u1ec0 C\u00d4NG TY TNHH MTV PCCC SONG NG\u1eccC<\/h2><\/div><style>.porto-u-2601.porto-u-heading{text-align:center}<\/style><\/div>[vc_column_text]<\/p>\n<h5>*\u0110\u1ecba ch\u1ec9 c\u00f4ng ty: 143 V\u00f5 V\u0103n T\u1ea7n, Ph\u01b0\u1eddng T\u00e2n B\u00ecnh, Th\u00e0nh ph\u1ed1 \u0110\u1ed3ng Xo\u00e0i, T\u1ec9nh B\u00ecnh Ph\u01b0\u1edbc, VN<\/h5>\n<h5>S\u1ed1 \u0111i\u1ec7n tho\u1ea1i: 0888.170.175<\/h5>\n<h5>*N\u0103m th\u00e0nh l\u1eadp : 2023<\/h5>\n<h5>Gi\u1ea5y ch\u1ee9ng nh\u1eadn \u0111\u0103ng k\u00fd kinh doanh s\u1ed1 3801289759 do S\u1edf K\u1ebf h\u1ecdach v\u00e0 \u0111\u1ea7u t\u01b0 t\u1ec9nh B\u00ecnh Ph\u01b0\u1edbc c\u1ea5p n\u0103m 2023.<\/h5>\n<h5>Ng\u01b0\u1eddi \u0111\u1ea1i di\u1ec7n: Gi\u00e1m \u0111\u1ed1c c\u00f4ng ty \u2013 L\u01b0u Nguy\u1ec5n Qu\u1ef3nh Ng\u1ecdc<\/h5>\n<h5>*C\u00e1c ng\u00e0nh ngh\u1ec1 kinh doanh ch\u00ednh:<\/h5>\n<h5>\u2013 Cung c\u1ea5p v\u1eadt t\u01b0 vi\u1ec5n th\u00f4ng, \u0111i\u1ec7n l\u1ef1c<\/h5>\n<h5>\u2013 B\u1ea3o d\u01b0\u1ee1ng, thi c\u00f4ng tr\u1ee5 \u0103ngten vi\u1ec5n th\u00f4ng. Thi c\u00f4ng c\u00f4ng tr\u00ecnh vi\u1ec5n th\u00f4ng.<\/h5>\n<h5>\u2013 Thi c\u00f4ng h\u1ec7 th\u1ed1ng ch\u1ed1ng s\u00e9t, Camera quan s\u00e1t, gi\u00e1m s\u00e1t.<\/h5>\n<h5>\u2013 B\u1ea3o tr\u00ec, b\u1ea3o d\u01b0\u1ee1ng t\u1ed5ng \u0111\u00e0i m\u1ea1ng.<\/h5>\n<h5>\u2013 Thi\u1ebft k\u1ebf,thi c\u00f4ng, gi\u00e1m s\u00e1t c\u00f4ng tr\u00ecnh PCCC.<\/h5>\n<p>[\/vc_column_text][\/vc_column][\/vc_row][vc_row wrap_container=&#8221;yes&#8221; css=&#8221;.vc_custom_1657324614861{padding-top: 50px !important;padding-bottom: 40px !important;background-color: #f4f4f4 !important;}&#8221; conditional_render=&#8221;%5B%7B%22value_role%22%3A%22administrator%22%7D%5D&#8221;][vc_column]<div class=\"porto-u-heading  wpb_custom_785f1b59862835eed400b91fbcfd8561 porto-u-9367\"><div class=\"porto-u-main-heading\"><h2   style=\"color:#ff0000;margin-bottom: 10px;\">KH\u00c1CH H\u00c0NG CH\u1eccN CH\u00daNG T\u00d4I V\u00cc<\/h2><\/div><style>.porto-u-9367.porto-u-heading{text-align:center}<\/style><\/div>[vc_row_inner][vc_column_inner width=&#8221;1\/3&#8243;]<div class=\"porto-sicon-box  vc_custom_1696118228793 bg-white  wpb_custom_82905e7cea3e517a10d10ec5e86d67da style_1 top-icon\"><div class=\"porto-sicon-top\"><div class=\"porto-just-icon-wrapper porto-icon none\" style=\"color:#ff0000;font-size:55px;\"><i class=\"porto-icon-shipped\"><\/i><\/div><\/div><div class=\"porto-sicon-header\"><h3 class=\"porto-sicon-title\" style=\"font-weight:600;font-size:18px;line-height:20px;color:#21293c;\">Giao h\u00e0ng t\u1eadn n\u01a1i theo y\u00eau c\u1ea7u<\/h3><\/div> <!-- header --><div class=\"porto-sicon-description\" style=\"font-size:15px;line-height:27px;color:#000000;\">H\u1ed7 tr\u1ee3 giao h\u00e0ng t\u1eadn n\u01a1i theo y\u00eau c\u1ea7u kh\u00e1ch h\u00e0ng.<\/div> <!-- description --><\/div><!-- porto-sicon-box -->[\/vc_column_inner][vc_column_inner width=&#8221;1\/3&#8243;]<div class=\"porto-sicon-box  vc_custom_1696118310858 bg-white  wpb_custom_82905e7cea3e517a10d10ec5e86d67da style_1 top-icon\"><div class=\"porto-sicon-top\"><div class=\"porto-just-icon-wrapper porto-icon none\" style=\"color:#ff0000;font-size:55px;\"><i class=\"porto-icon-us-dollar\"><\/i><\/div><\/div><div class=\"porto-sicon-header\"><h3 class=\"porto-sicon-title\" style=\"font-weight:600;font-size:18px;line-height:20px;color:#21293c;\">Cam k\u1ebft v\u1ec1 ch\u1ea5t l\u01b0\u1ee3ng s\u1ea3n ph\u1ea9m<\/h3><\/div> <!-- header --><div class=\"porto-sicon-description\" style=\"font-size:15px;line-height:27px;color:#000000;\">S\u1ea3n ph\u1ea9m ch\u1ea5t l\u01b0\u1ee3ng v\u00e0 b\u1ea3o h\u00e0nh theo ti\u00eau chu\u1ea9n nh\u00e0 s\u1ea3n xu\u1ea5t.<\/div> <!-- description --><\/div><!-- porto-sicon-box -->[\/vc_column_inner][vc_column_inner width=&#8221;1\/3&#8243;]<div class=\"porto-sicon-box  vc_custom_1696118395813 bg-white  wpb_custom_82905e7cea3e517a10d10ec5e86d67da style_1 top-icon\"><div class=\"porto-sicon-top\"><div class=\"porto-just-icon-wrapper porto-icon none\" style=\"color:#ff0000;font-size:55px;\"><i class=\"porto-icon-online-support\"><\/i><\/div><\/div><div class=\"porto-sicon-header\"><h3 class=\"porto-sicon-title\" style=\"font-weight:600;font-size:18px;line-height:20px;color:#21293c;\">T\u01b0 v\u1ea5n s\u1ea3n ph\u1ea9m, h\u1ed7 tr\u1ee3 tr\u1ef1c tuy\u1ebfn 24\/7<\/h3><\/div> <!-- header --><div class=\"porto-sicon-description\" style=\"font-size:15px;line-height:27px;color:#000000;\">T\u01b0 v\u1ea5n v\u00e0 h\u1ed7 tr\u1ee3 b\u00e1n h\u00e0ng tr\u1ef1c tuy\u1ebfn 24\/7 c\u00e1c ng\u00e0y trong tu\u1ea7n.<\/div> <!-- description --><\/div><!-- porto-sicon-box -->[\/vc_column_inner][\/vc_row_inner][\/vc_column][\/vc_row][vc_row wrap_container=&#8221;yes&#8221; css=&#8221;.vc_custom_1659143748727{padding-top: 50px !important;padding-bottom: 10px !important;}&#8221; conditional_render=&#8221;%5B%7B%22value_role%22%3A%22administrator%22%7D%5D&#8221;][vc_column]<div class=\"porto-u-heading  wpb_custom_785f1b59862835eed400b91fbcfd8561 porto-u-3265\"><div class=\"porto-u-main-heading\"><h2   style=\"color:#ff0000;margin-bottom: 40px;\">PH\u1ea2N H\u1ed2I T\u1eea KH\u00c1CH H\u00c0NG<\/h2><\/div><style>.porto-u-3265.porto-u-heading{text-align:center}<\/style><\/div>[vc_row_inner][vc_column_inner width=&#8221;1\/2&#8243;]<div class=\"porto-testimonial wpb_content_element   wpb_custom_4760b66c0cbf51ec9a7673f3785bca75\"><div class=\"testimonial\"><div class=\"testimonial-author\"><p><a href=\"#\"><strong style=\"color:#ff0000\">Kh\u00e1ch h\u00e0ng A<\/strong><\/a><span style=\"color:#62615e\">C\u00f4ng ty<\/span><\/p><\/div><div class=\"testimonial-arrow-down reversed\"><\/div><blockquote style=\"color:#0066bf\"><p>C\u00f4ng ty TNHH MTV PCCC Song Ng\u1ecdc l\u00e0 \u0111\u1ed1i t\u00e1c tin t\u01b0\u1edfng c\u1ee7a ch\u00fang t\u00f4i trong vi\u1ec7c mua s\u1eafm\u00a0 trang thi\u1ebft b\u1ecb PCCC<\/p><\/blockquote><\/div><\/div>[\/vc_column_inner][vc_column_inner width=&#8221;1\/2&#8243;]<div class=\"porto-testimonial wpb_content_element   wpb_custom_4760b66c0cbf51ec9a7673f3785bca75\"><div class=\"testimonial\"><div class=\"testimonial-author\"><p><a href=\"#\"><strong style=\"color:#ff0000\">Kh\u00e1ch h\u00e0ng B<\/strong><\/a><span style=\"color:#62615e\">C\u00f4ng ty<\/span><\/p><\/div><div class=\"testimonial-arrow-down reversed\"><\/div><blockquote style=\"color:#0066bf\"><p>C\u00f4ng ty TNHH MTV PCCC Song Ng\u1ecdc l\u00e0 \u0111\u1ed1i t\u00e1c tin t\u01b0\u1edfng c\u1ee7a ch\u00fang t\u00f4i trong vi\u1ec7c mua s\u1eafm\u00a0 trang thi\u1ebft b\u1ecb PCCC<\/p><\/blockquote><\/div><\/div>[\/vc_column_inner][\/vc_row_inner][\/vc_column][\/vc_row][vc_row wrap_container=&#8221;yes&#8221; css=&#8221;.vc_custom_1657324574017{padding-top: 30px !important;padding-bottom: 30px !important;}&#8221; conditional_render=&#8221;%5B%7B%22value_role%22%3A%22administrator%22%7D%5D&#8221;][vc_column]<div class=\"porto-u-heading  wpb_custom_785f1b59862835eed400b91fbcfd8561 porto-u-4561\"><div class=\"porto-u-main-heading\"><h2   style=\"color:#ff0000;margin-bottom: 40px;\">\u0110\u1ed0I T\u00c1C C\u1ee6A CH\u00daNG T\u00d4I<\/h2><\/div><style>.porto-u-4561.porto-u-heading{text-align:center}<\/style><\/div>[vc_column_text]\n\t<div class=\"gs_logo_area gs_logo_area_1 slider1\" style=\"opacity: 0; visibility: hidden;\">\n\t\t<div class=\"gs_logo_area--inner\">\n\n\t\t\t\n<div class=\"gs_logo_container gs_carousel_swiper gs_logo_fix_height_and_center\" data-carousel-config='{\"direction\":\"horizontal\",\"speed\":500,\"isAutoplay\":true,\"autoplayDelay\":2000,\"loop\":true,\"pauseOnHover\":true,\"ticker\":false,\"navs\":true,\"navs_pos\":\"bottom\",\"dots\":false,\"dynamic_dots\":true,\"slideSpace\":10,\"slidesPerGroup\":1,\"desktopLogos\":5,\"tabletLogos\":3,\"mobileLogos\":2,\"reverseDirection\":false}'>\n\n\t\n\t\t\n\t\t\t<div class=\"gs_logo_single--wrapper\">\n\t\t\t\t<div class=\"gs_logo_single\">\n\n\t\t\t\t\t<!-- Logo Img -->\n\t\t\t\t\t<img width=\"200\" height=\"114\" src=\"https:\/\/songngocpccc.com\/wp-content\/uploads\/2023\/09\/gst-logo.jpg\" class=\"default  gs-logo--img wp-post-image\" alt=\"\" decoding=\"async\" title=\"GST\" \/>\n\t\t\t\t\t<!-- Logo Title -->\n\t\t\t\t\t\t\t\t\t\t\n\t\t\t\t\t<!-- Logo Category -->\n\t\t\t\t\t\t\t\t\t\t\n\t\t\t\t<\/div>\n\t\t\t<\/div>\n\n\t\t\n\t\t\t<div class=\"gs_logo_single--wrapper\">\n\t\t\t\t<div class=\"gs_logo_single\">\n\n\t\t\t\t\t<!-- Logo Img -->\n\t\t\t\t\t<img width=\"300\" height=\"141\" src=\"https:\/\/songngocpccc.com\/wp-content\/uploads\/2023\/09\/pentax-logo.png\" class=\"default  gs-logo--img wp-post-image\" alt=\"\" decoding=\"async\" title=\"Pentax\" \/>\n\t\t\t\t\t<!-- Logo Title -->\n\t\t\t\t\t\t\t\t\t\t\n\t\t\t\t\t<!-- Logo Category -->\n\t\t\t\t\t\t\t\t\t\t\n\t\t\t\t<\/div>\n\t\t\t<\/div>\n\n\t\t\n\t\t\t<div class=\"gs_logo_single--wrapper\">\n\t\t\t\t<div class=\"gs_logo_single\">\n\n\t\t\t\t\t<!-- Logo Img -->\n\t\t\t\t\t<img width=\"200\" height=\"105\" src=\"https:\/\/songngocpccc.com\/wp-content\/uploads\/2023\/09\/horing-logo.png\" class=\"default  gs-logo--img wp-post-image\" alt=\"\" decoding=\"async\" title=\"Horing\" \/>\n\t\t\t\t\t<!-- Logo Title -->\n\t\t\t\t\t\t\t\t\t\t\n\t\t\t\t\t<!-- Logo Category -->\n\t\t\t\t\t\t\t\t\t\t\n\t\t\t\t<\/div>\n\t\t\t<\/div>\n\n\t\t\n\t\t\t<div class=\"gs_logo_single--wrapper\">\n\t\t\t\t<div class=\"gs_logo_single\">\n\n\t\t\t\t\t<!-- Logo Img -->\n\t\t\t\t\t<img width=\"200\" height=\"103\" src=\"https:\/\/songngocpccc.com\/wp-content\/uploads\/2023\/09\/chungmei.png\" class=\"default  gs-logo--img wp-post-image\" alt=\"\" decoding=\"async\" title=\"Chung-Mei\" \/>\n\t\t\t\t\t<!-- Logo Title -->\n\t\t\t\t\t\t\t\t\t\t\n\t\t\t\t\t<!-- Logo Category -->\n\t\t\t\t\t\t\t\t\t\t\n\t\t\t\t<\/div>\n\t\t\t<\/div>\n\n\t\t\n\t\t\t<div class=\"gs_logo_single--wrapper\">\n\t\t\t\t<div class=\"gs_logo_single\">\n\n\t\t\t\t\t<!-- Logo Img -->\n\t\t\t\t\t<img width=\"299\" height=\"150\" src=\"https:\/\/songngocpccc.com\/wp-content\/uploads\/2023\/09\/yunyang-logo.png\" class=\"default  gs-logo--img wp-post-image\" alt=\"\" decoding=\"async\" title=\"Yun-Yang\" \/>\n\t\t\t\t\t<!-- Logo Title -->\n\t\t\t\t\t\t\t\t\t\t\n\t\t\t\t\t<!-- Logo Category -->\n\t\t\t\t\t\t\t\t\t\t\n\t\t\t\t<\/div>\n\t\t\t<\/div>\n\n\t\t\n\t\t\t<div class=\"gs_logo_single--wrapper\">\n\t\t\t\t<div class=\"gs_logo_single\">\n\n\t\t\t\t\t<!-- Logo Img -->\n\t\t\t\t\t<img width=\"200\" height=\"112\" src=\"https:\/\/songngocpccc.com\/wp-content\/uploads\/2023\/09\/hochiki-logo.jpg\" class=\"default  gs-logo--img wp-post-image\" alt=\"\" decoding=\"async\" title=\"Hochiki\" \/>\n\t\t\t\t\t<!-- Logo Title -->\n\t\t\t\t\t\t\t\t\t\t\n\t\t\t\t\t<!-- Logo Category -->\n\t\t\t\t\t\t\t\t\t\t\n\t\t\t\t<\/div>\n\t\t\t<\/div>\n\n\t\t\t\t\n\t\n<\/div>\t\t<\/div>\n\t<\/div>\n\n\t<style> .gs_logo_area_1:not(.verticaltickerdown):not(.verticalticker) .gs_logo_container{margin-left:-5px;margin-right:-5px}.gs_logo_area_1:not(.verticaltickerdown):not(.verticalticker) .gs_logo_single--wrapper{padding:5px}.gs_logo_area_1 ul.gs-logo-filter-cats{text-align:center!important}.gs_logo_area_1 .gs_logo_single--wrapper{width:20%}@media (max-width:1023px){.gs_logo_area_1 .gs_logo_single--wrapper{width:33.333333333333%}}@media (max-width:767px){.gs_logo_area_1:not(.list1, .list2, .list4, .ticker1, .verticalticker) .gs_logo_single--wrapper{width:50% !important}}<\/style>[\/vc_column_text][\/vc_column][\/vc_row][vc_row][vc_column][\/vc_column][\/vc_row]<\/p>\n<\/section>","protected":false},"excerpt":{"rendered":"<p>[vc_row wrap_container=&#8221;yes&#8221; css=&#8221;.vc_custom_1657324574017{padding-top: 30px !important;padding-bottom: 30px !important;}&#8221; conditional_render=&#8221;%5B%7B%22value_role%22%3A%22administrator%22%7D%5D&#8221;][vc_column][vc_column_text] *\u0110\u1ecba ch\u1ec9 c\u00f4ng ty: 143 V\u00f5 V\u0103n T\u1ea7n, Ph\u01b0\u1eddng T\u00e2n B\u00ecnh, Th\u00e0nh ph\u1ed1 \u0110\u1ed3ng Xo\u00e0i, T\u1ec9nh B\u00ecnh Ph\u01b0\u1edbc, VN S\u1ed1 \u0111i\u1ec7n tho\u1ea1i: 0888.170.175 *N\u0103m th\u00e0nh l\u1eadp : 2023 Gi\u1ea5y ch\u1ee9ng nh\u1eadn \u0111\u0103ng k\u00fd kinh doanh s\u1ed1 3801289759 do S\u1edf K\u1ebf h\u1ecdach v\u00e0 \u0111\u1ea7u t\u01b0 t\u1ec9nh B\u00ecnh Ph\u01b0\u1edbc [&hellip;]<\/p>\n","protected":false},"author":1,"featured_media":0,"parent":0,"menu_order":0,"comment_status":"closed","ping_status":"closed","template":"","meta":{"footnotes":""},"_links":{"self":[{"href":"https:\/\/songngocpccc.com\/index.php\/wp-json\/wp\/v2\/pages\/848"}],"collection":[{"href":"https:\/\/songngocpccc.com\/index.php\/wp-json\/wp\/v2\/pages"}],"about":[{"href":"https:\/\/songngocpccc.com\/index.php\/wp-json\/wp\/v2\/types\/page"}],"author":[{"embeddable":true,"href":"https:\/\/songngocpccc.com\/index.php\/wp-json\/wp\/v2\/users\/1"}],"replies":[{"embeddable":true,"href":"https:\/\/songngocpccc.com\/index.php\/wp-json\/wp\/v2\/comments?post=848"}],"version-history":[{"count":23,"href":"https:\/\/songngocpccc.com\/index.php\/wp-json\/wp\/v2\/pages\/848\/revisions"}],"predecessor-version":[{"id":5179,"href":"https:\/\/songngocpccc.com\/index.php\/wp-json\/wp\/v2\/pages\/848\/revisions\/5179"}],"wp:attachment":[{"href":"https:\/\/songngocpccc.com\/index.php\/wp-json\/wp\/v2\/media?parent=848"}],"curies":[{"name":"wp","href":"https:\/\/api.w.org\/{rel}","templated":true}]}}