{"id":73,"date":"2016-06-14T06:15:58","date_gmt":"2016-06-13T23:15:58","guid":{"rendered":"http:\/\/sw-themes.com\/porto_dummy\/?page_id=73"},"modified":"2023-10-31T12:41:38","modified_gmt":"2023-10-31T05:41:38","slug":"lien-he","status":"publish","type":"page","link":"https:\/\/songngocpccc.com\/index.php\/lien-he\/","title":{"rendered":"Li\u00ean h\u1ec7"},"content":{"rendered":"<section class=\"wpb-content-wrapper\"><p>[vc_row full_width=&#8221;stretch_row_content_no_spaces&#8221;][vc_column][\/vc_column][\/vc_row][vc_row wrap_container=&#8221;yes&#8221; el_class=&#8221;m-t-md&#8221;][vc_column]<div class=\"porto-u-heading m-b-xxl  wpb_custom_011f78ee5c370f9f43a80b1b208c1d2f porto-u-7194\"><div class=\"porto-u-main-heading\"><h2   style=\"color:#ff0000;margin-bottom: 5px;\">Th\u00f4ng tin li\u00ean h\u1ec7<\/h2><\/div><div class=\"porto-u-sub-heading\" style=\"color: #ff0000;\">\n<p style=\"text-align: center;\"><strong>C\u00d4NG TY TNHH MTV PCCC SONG NG\u1eccC<\/strong><\/p>\n<p style=\"text-align: center;\"><\/div><style>.porto-u-7194.porto-u-heading{text-align:left}<\/style><\/div>[\/vc_column][vc_column width=&#8221;1\/2&#8243; offset=&#8221;vc_col-lg-3 vc_col-md-3 vc_col-xs-12&#8243;]<div class=\"porto-sicon-box custom-info-1  wpb_custom_1309caa59b8fa15ef8f42a3058f2b66f style_1 top-icon\"><div class=\"porto-sicon-top\"><div class=\"porto-just-icon-wrapper porto-icon none\" style=\"color:#0066bf;font-size:45px;margin-bottom:20px;\"><i class=\"Simple-Line-Icons-pointer\"><\/i><\/div><\/div><div class=\"porto-sicon-header\"><h3 class=\"porto-sicon-title\" style=\"color:#0066bf;\">\u0110\u1ecba ch\u1ec9<\/h3><p style=\"font-size:14px;line-height:22px;letter-spacing:-0.025em;color:#0066bf;\">143 V\u00f5 V\u0103n T\u1ea7n, Ph\u01b0\u1eddng T\u00e2n B\u00ecnh, Th\u00e0nh ph\u1ed1 \u0110\u1ed3ng Xo\u00e0i, T\u1ec9nh B\u00ecnh Ph\u01b0\u1edbc, VN<\/p><\/div> <!-- header --><\/div><!-- porto-sicon-box -->[\/vc_column][vc_column width=&#8221;1\/2&#8243; offset=&#8221;vc_col-lg-3 vc_col-md-3 vc_col-xs-12&#8243;]<a class=\"porto-sicon-box-link\" href=\"tel:(800)123-4567\"><div class=\"porto-sicon-box text-color-body custom-info-1  wpb_custom_1309caa59b8fa15ef8f42a3058f2b66f style_1 top-icon\"><div class=\"porto-sicon-top\"><div class=\"porto-just-icon-wrapper porto-icon none\" style=\"color:#0088cc;font-size:45px;margin-bottom:20px;\"><i class=\"fas fa-mobile-alt\"><\/i><\/div><\/div><div class=\"porto-sicon-header\"><h3 class=\"porto-sicon-title\" style=\"color:#0066bf;\">\u0110i\u1ec7n tho\u1ea1i<\/h3><p style=\"font-size:14px;line-height:22px;letter-spacing:-0.025em;color:#0066bf;\">(+84) 0888.170.175<\/p><\/div> <!-- header --><\/div><!-- porto-sicon-box --><\/a>[\/vc_column][vc_column width=&#8221;1\/2&#8243; offset=&#8221;vc_col-lg-3 vc_col-md-3 vc_col-xs-12&#8243;]<a class=\"porto-sicon-box-link\" href=\"mailto:porto@portotheme.com\"><div class=\"porto-sicon-box text-color-body custom-info-1  wpb_custom_1309caa59b8fa15ef8f42a3058f2b66f style_1 top-icon\"><div class=\"porto-sicon-top\"><div class=\"porto-just-icon-wrapper porto-icon none\" style=\"color:#0088cc;font-size:45px;margin-bottom:20px;\"><i class=\"far fa-envelope\"><\/i><\/div><\/div><div class=\"porto-sicon-header\"><h3 class=\"porto-sicon-title\" style=\"color:#0066bf;\">Th\u01b0 \u0111i\u1ec7n t\u1eed<\/h3><p style=\"font-size:14px;line-height:22px;letter-spacing:-0.025em;color:#0066bf;\">songngocpccc@gmail.com<\/p><\/div> <!-- header --><\/div><!-- porto-sicon-box --><\/a>[\/vc_column][vc_column width=&#8221;1\/2&#8243; offset=&#8221;vc_col-lg-3 vc_col-md-3 vc_col-xs-12&#8243;]<div class=\"porto-sicon-box custom-info-1  wpb_custom_1309caa59b8fa15ef8f42a3058f2b66f style_1 top-icon\"><div class=\"porto-sicon-top\"><div class=\"porto-just-icon-wrapper porto-icon none\" style=\"color:#0088cc;font-size:45px;margin-bottom:20px;\"><i class=\"far fa-calendar-alt\"><\/i><\/div><\/div><div class=\"porto-sicon-header\"><h3 class=\"porto-sicon-title\" style=\"color:#0066bf;\">Th\u1eddi gian l\u00e0m vi\u1ec7c<\/h3><p style=\"font-size:14px;line-height:22px;letter-spacing:-0.025em;color:#0066bf;\">T\u1eeb th\u1ee9 2 \u0111\u1ebfn th\u1ee9 6 \/ 8:00 S\u00e1ng - 18:00 Chi\u1ec1u<\/p><\/div> <!-- header --><\/div><!-- porto-sicon-box -->[\/vc_column][vc_column][vc_separator color=&#8221;custom&#8221; accent_color=&#8221;#e7e7e7&#8243; el_class=&#8221;my-5 pb-3&#8243;][\/vc_column][\/vc_row][vc_row conditional_render=&#8221;%5B%7B%22value_role%22%3A%22administrator%22%7D%5D&#8221;][vc_column][vc_column_text]<iframe src=\"https:\/\/www.google.com\/maps\/embed?pb=!1m18!1m12!1m3!1d3909.339348588725!2d106.8910396!3d11.5274968!2m3!1f0!2f0!3f0!3m2!1i1024!2i768!4f13.1!3m3!1m2!1s0x3174a1084939003f%3A0x4246128de6973dc1!2sC%C3%B4ng%20ty%20TNHH%20MTV%20Song%20Ng%E1%BB%8Dc!5e0!3m2!1svi!2s!4v1698730848389!5m2!1svi!2s\" width=\"1700\" height=\"600\" style=\"border:0;\" allowfullscreen=\"\" loading=\"lazy\" referrerpolicy=\"no-referrer-when-downgrade\"><\/iframe>[\/vc_column_text][\/vc_column][\/vc_row]<\/p>\n<\/section>","protected":false},"excerpt":{"rendered":"<p>[vc_row full_width=&#8221;stretch_row_content_no_spaces&#8221;][vc_column][\/vc_column][\/vc_row][vc_row wrap_container=&#8221;yes&#8221; el_class=&#8221;m-t-md&#8221;][vc_column][\/vc_column][vc_column width=&#8221;1\/2&#8243; offset=&#8221;vc_col-lg-3 vc_col-md-3 vc_col-xs-12&#8243;][\/vc_column][vc_column width=&#8221;1\/2&#8243; offset=&#8221;vc_col-lg-3 vc_col-md-3 vc_col-xs-12&#8243;][\/vc_column][vc_column width=&#8221;1\/2&#8243; offset=&#8221;vc_col-lg-3 vc_col-md-3 vc_col-xs-12&#8243;][\/vc_column][vc_column width=&#8221;1\/2&#8243; offset=&#8221;vc_col-lg-3 vc_col-md-3 vc_col-xs-12&#8243;][\/vc_column][vc_column][vc_separator color=&#8221;custom&#8221; accent_color=&#8221;#e7e7e7&#8243; el_class=&#8221;my-5 pb-3&#8243;][\/vc_column][\/vc_row][vc_row conditional_render=&#8221;%5B%7B%22value_role%22%3A%22administrator%22%7D%5D&#8221;][vc_column][vc_column_text][\/vc_column_text][\/vc_column][\/vc_row]<\/p>\n","protected":false},"author":1,"featured_media":0,"parent":0,"menu_order":0,"comment_status":"closed","ping_status":"closed","template":"","meta":{"footnotes":""},"_links":{"self":[{"href":"https:\/\/songngocpccc.com\/index.php\/wp-json\/wp\/v2\/pages\/73"}],"collection":[{"href":"https:\/\/songngocpccc.com\/index.php\/wp-json\/wp\/v2\/pages"}],"about":[{"href":"https:\/\/songngocpccc.com\/index.php\/wp-json\/wp\/v2\/types\/page"}],"author":[{"embeddable":true,"href":"https:\/\/songngocpccc.com\/index.php\/wp-json\/wp\/v2\/users\/1"}],"replies":[{"embeddable":true,"href":"https:\/\/songngocpccc.com\/index.php\/wp-json\/wp\/v2\/comments?post=73"}],"version-history":[{"count":15,"href":"https:\/\/songngocpccc.com\/index.php\/wp-json\/wp\/v2\/pages\/73\/revisions"}],"predecessor-version":[{"id":5197,"href":"https:\/\/songngocpccc.com\/index.php\/wp-json\/wp\/v2\/pages\/73\/revisions\/5197"}],"wp:attachment":[{"href":"https:\/\/songngocpccc.com\/index.php\/wp-json\/wp\/v2\/media?parent=73"}],"curies":[{"name":"wp","href":"https:\/\/api.w.org\/{rel}","templated":true}]}}