{"id":5172,"date":"2023-10-03T13:02:57","date_gmt":"2023-10-03T06:02:57","guid":{"rendered":"https:\/\/songngocpccc.com\/?page_id=5172"},"modified":"2023-10-03T13:14:50","modified_gmt":"2023-10-03T06:14:50","slug":"chinh-sach-dai-ly","status":"publish","type":"page","link":"https:\/\/songngocpccc.com\/index.php\/chinh-sach-dai-ly\/","title":{"rendered":"Ch\u00ednh s\u00e1ch \u0111\u1ea1i l\u00fd"},"content":{"rendered":"<section class=\"wpb-content-wrapper\"><p>[vc_row][vc_column][vc_custom_heading text=&#8221;CH\u00cdNH S\u00c1CH V\u00c0 CH\u1ebe \u0110\u1ed8 B\u1ea2O H\u00c0NH&#8221; font_container=&#8221;tag:h3|font_size:17|text_align:center|color:%23ff0000&#8243; use_theme_fonts=&#8221;yes&#8221;][vc_column_text]<\/p>\n<h3>\u2013 T\u01b0 v\u1ea5n gi\u1ea3i \u0111\u00e1p mi\u1ec5n ph\u00ed 24\/7, Qu\u00fd kh\u00e1ch h\u00e0ng h\u00e3y g\u1ecdi \u0111\u1ebfn hotline 0888.170.175\u00a0 \u0111\u00ea \u0111\u01b0\u1ee3c h\u1ed7 tr\u1ee3.<\/h3>\n<h3>\u2013\u00a0<strong>Cung c\u1ea5p c\u00e1c thi\u1ebft b\u1ecb PCCC ch\u00ednh h\u00e3ng<\/strong>, c\u00f3 CO-CQ \u0111\u1ea7y \u0111\u1ee7, h\u1ed7 tr\u1ee3 \u0111\u1ed5i tr\u1ea3 nhanh ch\u00f3ng n\u1ebfu thi\u1ebft b\u1ecb b\u1ecb l\u1ed7i do nh\u00e0 s\u1ea3n xu\u1ea5t, b\u1ea3o h\u00e0nh 12 th\u00e1ng chu \u0111\u00e1o.<\/h3>\n<h3>\u2013 \u0110\u1ed9i ng\u0169 chuy\u00ean vi\u00ean k\u1ef9 thu\u1eadt \u0111\u01b0\u1ee3c \u0111\u00e0o t\u1ea1o chuy\u00ean s\u00e2u, am hi\u1ec3u th\u00f4ng s\u1ed1 k\u1ef9 thu\u1eadt c\u00e1c thi\u1ebft b\u1ecb PCCC.<\/h3>\n<h3>\u2013 H\u1ed7 tr\u1ee3 v\u1eadn chuy\u1ec3n tr\u00ean t\u1eebng \u0111\u01a1n h\u00e0ng, \u0111\u01a1n h\u00e0ng 1 tri\u1ec7u s\u1ebd \u0111\u01b0\u1ee3c mi\u1ec5n ph\u00ed ship trong n\u1ed9i th\u00e0nh t\u1ec9nh B\u00ecnh Ph\u01b0\u1edbc.<\/h3>\n<h3>\u2013 V\u1eadn chuy\u1ec3n h\u00e0ng nhanh ch\u00f3ng \u1edf ngo\u1ea1i t\u1ec9nh nh\u01b0ng \u0111\u01b0\u1ee3c th\u1ecfa thu\u1eadn v\u00e0 k\u00fd k\u1ebft v\u1edbi h\u1ee3p \u0111\u1ed3ng \u1edf hai b\u00ean.<\/h3>\n<h3><b>Thi\u1ebft b\u1ecb PCCC <\/b>\u0111\u01b0\u1ee3c t\u00edch h\u1ee3p, k\u1ebft n\u1ed1i v\u1edbi h\u1ec7 th\u1ed1ng x\u1eed l\u00fd th\u00f4ng minh c\u00f2n \u0111em l\u1ea1i cho qu\u00fd kh\u00e1ch c\u00e1c ti\u1ec7n \u00edch nh\u01b0 s\u1ebd th\u00f4ng b\u00e1o cho b\u1ea1n ch\u00ednh x\u00e1c v\u00f9ng n\u00e0o \u0111ang c\u00f3 nguy c\u01a1 v\u00e0 nguy\u00ean nh\u00e2n g\u00e2y n\u00ean ch\u00e1y gi\u00fap b\u1ea1n ph\u00e1t hi\u1ec7n nguy c\u01a1 ch\u00e1y t\u1eeb s\u1edbm , t\u1eeb \u0111\u00f3 c\u00f3 bi\u1ec7n ph\u00e1p lo\u1ea1i tr\u1eeb m\u1ed9t c\u00e1ch t\u1ed1t nh\u1ea5t. Trong tr\u01b0\u1eddng h\u1ee3p v\u00ec m\u1ed9t nguy\u00ean nh\u00e2n n\u00e0o \u0111\u00f3 m\u00e0 b\u1ea1n kh\u00f4ng k\u1ecbp lo\u1ea1i tr\u1eeb \u0111\u1ec3 nguy c\u01a1 g\u00e2y ch\u00e1y chuy\u1ec3n th\u00e0nh \u0111\u00e1m ch\u00e1y th\u00ec h\u1ec7 th\u1ed1ng ch\u1eefa ch\u00e1y t\u1ef1 \u0111\u1ed9ng s\u1ebd gi\u00fap b\u1ea1n d\u1eadp \u0111\u00e1m ch\u00e1y m\u1ed9t c\u00e1ch nhanh nh\u1ea5t m\u00e0 kh\u00f4ng c\u1ea7n b\u1ea5t c\u1ee9 m\u1ed9t t\u00e1c \u0111\u1ed9ng n\u00e0o c\u1ee7a b\u1ea1n.<\/h3>\n<p>[\/vc_column_text][\/vc_column][\/vc_row][vc_row][vc_column][\/vc_column][\/vc_row]<\/p>\n<\/section>","protected":false},"excerpt":{"rendered":"<p>[vc_row][vc_column][vc_custom_heading text=&#8221;CH\u00cdNH S\u00c1CH V\u00c0 CH\u1ebe \u0110\u1ed8 B\u1ea2O H\u00c0NH&#8221; font_container=&#8221;tag:h3|font_size:17|text_align:center|color:%23ff0000&#8243; use_theme_fonts=&#8221;yes&#8221;][vc_column_text] \u2013 T\u01b0 v\u1ea5n gi\u1ea3i \u0111\u00e1p mi\u1ec5n ph\u00ed 24\/7, Qu\u00fd kh\u00e1ch h\u00e0ng h\u00e3y g\u1ecdi \u0111\u1ebfn hotline 0888.170.175\u00a0 \u0111\u00ea \u0111\u01b0\u1ee3c h\u1ed7 tr\u1ee3. \u2013\u00a0Cung c\u1ea5p c\u00e1c thi\u1ebft b\u1ecb PCCC ch\u00ednh h\u00e3ng, c\u00f3 CO-CQ \u0111\u1ea7y \u0111\u1ee7, h\u1ed7 tr\u1ee3 \u0111\u1ed5i tr\u1ea3 nhanh ch\u00f3ng n\u1ebfu thi\u1ebft b\u1ecb b\u1ecb l\u1ed7i do nh\u00e0 [&hellip;]<\/p>\n","protected":false},"author":1,"featured_media":0,"parent":0,"menu_order":0,"comment_status":"closed","ping_status":"closed","template":"","meta":{"footnotes":""},"_links":{"self":[{"href":"https:\/\/songngocpccc.com\/index.php\/wp-json\/wp\/v2\/pages\/5172"}],"collection":[{"href":"https:\/\/songngocpccc.com\/index.php\/wp-json\/wp\/v2\/pages"}],"about":[{"href":"https:\/\/songngocpccc.com\/index.php\/wp-json\/wp\/v2\/types\/page"}],"author":[{"embeddable":true,"href":"https:\/\/songngocpccc.com\/index.php\/wp-json\/wp\/v2\/users\/1"}],"replies":[{"embeddable":true,"href":"https:\/\/songngocpccc.com\/index.php\/wp-json\/wp\/v2\/comments?post=5172"}],"version-history":[{"count":6,"href":"https:\/\/songngocpccc.com\/index.php\/wp-json\/wp\/v2\/pages\/5172\/revisions"}],"predecessor-version":[{"id":5183,"href":"https:\/\/songngocpccc.com\/index.php\/wp-json\/wp\/v2\/pages\/5172\/revisions\/5183"}],"wp:attachment":[{"href":"https:\/\/songngocpccc.com\/index.php\/wp-json\/wp\/v2\/media?parent=5172"}],"curies":[{"name":"wp","href":"https:\/\/api.w.org\/{rel}","templated":true}]}}